{"id":3638,"date":"2022-10-05T20:16:44","date_gmt":"2022-10-05T20:16:44","guid":{"rendered":"https:\/\/ondenta.com\/?page_id=3638"},"modified":"2024-07-23T11:00:45","modified_gmt":"2024-07-23T11:00:45","slug":"cookie-policy","status":"publish","type":"page","link":"https:\/\/ondenta.com\/it\/cookie-policy\/","title":{"rendered":"Informativa sui cookie"},"content":{"rendered":"<div data-elementor-type=\"wp-page\" data-elementor-id=\"3638\" class=\"elementor elementor-3638\">\n\t\t\t\t\t\t\t\t\t<section class=\"elementor-section elementor-top-section elementor-element elementor-element-55d42d2 elementor-section-boxed elementor-section-height-default elementor-section-height-default\" data-id=\"55d42d2\" data-element_type=\"section\">\n\t\t\t\t\t\t<div class=\"elementor-container elementor-column-gap-default\">\n\t\t\t\t\t<div class=\"elementor-column elementor-col-100 elementor-top-column elementor-element elementor-element-4fec171\" data-id=\"4fec171\" data-element_type=\"column\">\n\t\t\t<div class=\"elementor-widget-wrap elementor-element-populated\">\n\t\t\t\t\t\t\t\t<div class=\"elementor-element elementor-element-0af97e0 elementor-widget elementor-widget-heading\" data-id=\"0af97e0\" data-element_type=\"widget\" data-widget_type=\"heading.default\">\n\t\t\t\t<div class=\"elementor-widget-container\">\n\t\t\t<style>\/*! elementor - v3.7.7 - 20-09-2022 *\/\n.elementor-heading-title{padding:0;margin:0;line-height:1}.elementor-widget-heading .elementor-heading-title[class*=elementor-size-]>a{color:inherit;font-size:inherit;line-height:inherit}.elementor-widget-heading .elementor-heading-title.elementor-size-small{font-size:15px}.elementor-widget-heading .elementor-heading-title.elementor-size-medium{font-size:19px}.elementor-widget-heading .elementor-heading-title.elementor-size-large{font-size:29px}.elementor-widget-heading .elementor-heading-title.elementor-size-xl{font-size:39px}.elementor-widget-heading .elementor-heading-title.elementor-size-xxl{font-size:59px}<\/style><h1 class=\"elementor-heading-title elementor-size-default\">Informativa sui cookie<\/h1>\t\t<\/div>\n\t\t\t\t<\/div>\n\t\t\t\t<div class=\"elementor-element elementor-element-94dba9e elementor-widget elementor-widget-heading\" data-id=\"94dba9e\" data-element_type=\"widget\" data-widget_type=\"heading.default\">\n\t\t\t\t<div class=\"elementor-widget-container\">\n\t\t\t<h2 class=\"elementor-heading-title elementor-size-default\">1. COSA SONO I COOKIE E PERCH\u00c9 LI UTILIZZIAMO? <\/h2>\t\t<\/div>\n\t\t\t\t<\/div>\n\t\t\t\t<div class=\"elementor-element elementor-element-64b41f3 elementor-widget elementor-widget-text-editor\" data-id=\"64b41f3\" data-element_type=\"widget\" data-widget_type=\"text-editor.default\">\n\t\t\t\t<div class=\"elementor-widget-container\">\n\t\t\t<style>\/*! elementor - v3.7.7 - 20-09-2022 *\/\n.elementor-widget-text-editor.elementor-drop-cap-view-stacked .elementor-drop-cap{background-color:#818a91;color:#fff}.elementor-widget-text-editor.elementor-drop-cap-view-framed .elementor-drop-cap{color:#818a91;border:3px solid;background-color:transparent}.elementor-widget-text-editor:not(.elementor-drop-cap-view-default) .elementor-drop-cap{margin-top:8px}.elementor-widget-text-editor:not(.elementor-drop-cap-view-default) .elementor-drop-cap-letter{width:1em;height:1em}.elementor-widget-text-editor .elementor-drop-cap{float:left;text-align:center;line-height:1;font-size:50px}.elementor-widget-text-editor .elementor-drop-cap-letter{display:inline-block}<\/style>\t\t\t\t<p>1.1 <span style=\"font-weight: 400;\">I cookie sono piccoli file che un sito o il suo fornitore di servizi trasferisce sul disco rigido del computer dell'utente attraverso il browser Web (se l'utente lo consente) e che permettono ai sistemi del sito o del fornitore di servizi di riconoscere il browser dell'utente e di acquisire e ricordare determinate informazioni.<\/span><\/p><p><span style=\"font-weight: 400;\">Utilizziamo i cookie per aiutarci a compilare dati aggregati sul traffico e sull'interazione del sito per offrire esperienze e strumenti migliori in futuro.<\/span><\/p><p>\u00a0<\/p><p><span style=\"font-weight: 400;\">Altri mezzi automatizzati spesso utilizzati nei siti web e nelle applicazioni sono i tag pixel (noti anche come web beacon o clear GIF). I pixel tag sono in genere immagini grafiche trasparenti inserite in un sito web. Questi pixel vengono utilizzati in combinazione con i cookie per misurare le azioni dei visitatori del sito web.<\/span><\/p><p>\u00a0<\/p><p><span style=\"font-weight: 400;\">1.2. I cookie possono essere memorizzati a pi\u00f9 riprese sul vostro browser o dispositivo.<\/span><\/p><p>\u00a0<\/p><p><span style=\"font-weight: 400;\">I \"cookie di sessione\" sono limitati alla durata della visita al sito web o all'applicazione in questione e vengono interrotti quando si esce dal sito web o dall'applicazione. I \"cookie persistenti\" rimangono memorizzati sul computer o sul dispositivo dell'utente fino a quando non vengono eliminati o fino alla loro data di scadenza.<\/span><\/p>\t\t\t\t\t\t<\/div>\n\t\t\t\t<\/div>\n\t\t\t\t<div class=\"elementor-element elementor-element-3f035f9 elementor-widget elementor-widget-heading\" data-id=\"3f035f9\" data-element_type=\"widget\" data-widget_type=\"heading.default\">\n\t\t\t\t<div class=\"elementor-widget-container\">\n\t\t\t<h2 class=\"elementor-heading-title elementor-size-default\">2. CATEGORIE DI COOKIE<\/h2>\t\t<\/div>\n\t\t\t\t<\/div>\n\t\t\t\t<div class=\"elementor-element elementor-element-800bd9b elementor-widget elementor-widget-text-editor\" data-id=\"800bd9b\" data-element_type=\"widget\" data-widget_type=\"text-editor.default\">\n\t\t\t\t<div class=\"elementor-widget-container\">\n\t\t\t\t\t\t\t<p><span style=\"font-weight: 400;\">2.1. Cookie strettamente necessari - Questi cookie sono necessari per comunicare tra il dispositivo dell'utente e il sito web o l'applicazione o per fornire all'utente i servizi da lui richiesti.<\/span><\/p><p>\u00a0<\/p><p><span style=\"font-weight: 400;\">2.2. Cookie di funzionalit\u00e0 - Questi cookie consentono al sito web o all'applicazione di ricordare le scelte dell'utente.<\/span><\/p><p>\u00a0<\/p><p><span style=\"font-weight: 400;\">2.3. Cookie di prestazione (analitici) - Questi cookie raccolgono informazioni sulle modalit\u00e0 di utilizzo del sito web o dell'applicazione da parte dei visitatori, come ad esempio le pagine visitate pi\u00f9 spesso e la probabilit\u00e0 di ricevere messaggi di errore da determinate pagine. <\/span><\/p><p>\u00a0<\/p><p><span style=\"font-weight: 400;\">2.4. Cookie pubblicitari (Targeting) - Questi cookie forniscono all'utente annunci pubblicitari personalizzati. Questi cookie vengono utilizzati per promuovere campagne pubblicitarie dei proprietari di siti web e applicazioni o di terze parti e aiutano a misurare l'efficacia di una campagna pubblicitaria.<\/span><\/p><p>\u00a0<\/p><p><span style=\"font-weight: 400;\">I cookie pubblicitari vengono solitamente inseriti dalle reti pubblicitarie, che collegano il relativo inserzionista e il luogo di pubblicazione dell'annuncio.<\/span><\/p>\t\t\t\t\t\t<\/div>\n\t\t\t\t<\/div>\n\t\t\t\t<div class=\"elementor-element elementor-element-8a2d646 elementor-widget elementor-widget-heading\" data-id=\"8a2d646\" data-element_type=\"widget\" data-widget_type=\"heading.default\">\n\t\t\t\t<div class=\"elementor-widget-container\">\n\t\t\t<h2 class=\"elementor-heading-title elementor-size-default\">3. QUALI COOKIE UTILIZZIAMO E QUALI INFORMAZIONI VENGONO RACCOLTE CON I COOKIE?<\/h2>\t\t<\/div>\n\t\t\t\t<\/div>\n\t\t\t\t<div class=\"elementor-element elementor-element-32ab667 cookie-what elementor-widget elementor-widget-text-editor\" data-id=\"32ab667\" data-element_type=\"widget\" data-widget_type=\"text-editor.default\">\n\t\t\t\t<div class=\"elementor-widget-container\">\n\t\t\t\t\t\t\t<p><span style=\"font-weight: 400;\">I cookie utilizzati sul nostro Sito contengono cookie di prima parte e cookie di terze parti, cookie strettamente necessari, cookie di funzionalit\u00e0, cookie di performance (analitici) e cookie pubblicitari (di targeting).<\/span><\/p><p>\u00a0<\/p><p><span style=\"font-weight: 400;\">Le informazioni raccolte sul nostro sito web utilizzando i cookie includono:<\/span><\/p><ul><li><span style=\"font-weight: 400;\">Informazioni sul sistema operativo e sul dispositivo.<\/span><\/li><li style=\"font-weight: 400;\" aria-level=\"1\"><span style=\"font-weight: 400;\">Le pagine Web a cui si \u00e8 acceduto all'interno del nostro Sito, il link che vi ha condotto al nostro Sito, le date e gli orari di accesso al nostro Sito, le informazioni sugli eventi (ad esempio, i crash del sistema) e le informazioni generali sulla posizione (ad esempio, la citt\u00e0 o la regione).<\/span><\/li><li style=\"font-weight: 400;\" aria-level=\"1\"><span style=\"font-weight: 400;\">Gli utenti forniscono informazioni sul Sito per semplificare l'esperienza dell'utente ed evitare che questi debba reinserire le informazioni durante la successiva visita al nostro Sito.<\/span><\/li><li style=\"font-weight: 400;\" aria-level=\"1\"><span style=\"font-weight: 400;\">Il numero di visitatori del nostro sito e le pagine web visualizzate.<\/span><\/li><li style=\"font-weight: 400;\" aria-level=\"1\"><span style=\"font-weight: 400;\">ID utente pubblicitario e informazioni associate alla pubblicit\u00e0 mirata.<\/span><\/li><\/ul><p>\u00a0<\/p>\t\t\t\t\t\t<\/div>\n\t\t\t\t<\/div>\n\t\t\t\t<div class=\"elementor-element elementor-element-d26604d elementor-widget elementor-widget-heading\" data-id=\"d26604d\" data-element_type=\"widget\" data-widget_type=\"heading.default\">\n\t\t\t\t<div class=\"elementor-widget-container\">\n\t\t\t<h2 class=\"elementor-heading-title elementor-size-default\">4. COME GESTIRE I COOKIE<\/h2>\t\t<\/div>\n\t\t\t\t<\/div>\n\t\t\t\t<div class=\"elementor-element elementor-element-01ff2bc elementor-widget elementor-widget-text-editor\" data-id=\"01ff2bc\" data-element_type=\"widget\" data-widget_type=\"text-editor.default\">\n\t\t\t\t<div class=\"elementor-widget-container\">\n\t\t\t\t\t\t\t<p><span style=\"font-weight: 400;\">Se non desiderate che i cookie vengano installati sul vostro dispositivo quando navigate sul nostro Sito, potete regolare le impostazioni del vostro browser in modo da gestire o rifiutare tali cookie o avvisarvi quando un cookie viene installato sul vostro browser. Queste impostazioni si trovano solitamente nel menu \"Opzioni\" o \"Preferenze\" del browser Internet. Per ulteriori informazioni su come modificare le impostazioni del browser, fare clic sulla sezione Aiuto del browser Internet. La maggior parte dei browser Internet consente inoltre di vedere quali cookie sono attualmente memorizzati sul dispositivo e di eliminarli in modo selettivo.<\/span><\/p><p>\u00a0<\/p><p><span style=\"font-weight: 400;\">Vi informiamo inoltre che se scegliete di disabilitare alcuni cookie, alcune funzioni del Sito potrebbero non funzionare correttamente e le vostre opzioni potrebbero essere limitate.<\/span><\/p>\t\t\t\t\t\t<\/div>\n\t\t\t\t<\/div>\n\t\t\t\t<div class=\"elementor-element elementor-element-b7d236c elementor-widget elementor-widget-heading\" data-id=\"b7d236c\" data-element_type=\"widget\" data-widget_type=\"heading.default\">\n\t\t\t\t<div class=\"elementor-widget-container\">\n\t\t\t<h2 class=\"elementor-heading-title elementor-size-default\">5. MODIFICHE E AGGIORNAMENTI<\/h2>\t\t<\/div>\n\t\t\t\t<\/div>\n\t\t\t\t<div class=\"elementor-element elementor-element-6576c5a elementor-widget elementor-widget-text-editor\" data-id=\"6576c5a\" data-element_type=\"widget\" data-widget_type=\"text-editor.default\">\n\t\t\t\t<div class=\"elementor-widget-container\">\n\t\t\t\t\t\t\t<p><span style=\"font-weight: 400;\">Aggiorneremo la presente Informativa sui cookie per modificarne i termini o riflettere il feedback dei clienti. Quando pubblicheremo le modifiche a questa informativa, rivedremo la data di \"ultimo aggiornamento\" all'inizio dell'informativa. Supponiamo che vengano apportate modifiche sostanziali all'informativa. In tal caso, vi informeremo pubblicando in modo visibile un avviso di tali modifiche prima che entrino in vigore o inviandovi direttamente una notifica.<\/span><\/p>\t\t\t\t\t\t<\/div>\n\t\t\t\t<\/div>\n\t\t\t\t<div class=\"elementor-element elementor-element-d9dbd4d elementor-widget elementor-widget-heading\" data-id=\"d9dbd4d\" data-element_type=\"widget\" data-widget_type=\"heading.default\">\n\t\t\t\t<div class=\"elementor-widget-container\">\n\t\t\t<h2 class=\"elementor-heading-title elementor-size-default\">CONTATTO<\/h2>\t\t<\/div>\n\t\t\t\t<\/div>\n\t\t\t\t<div class=\"elementor-element elementor-element-9551e2f elementor-widget elementor-widget-text-editor\" data-id=\"9551e2f\" data-element_type=\"widget\" data-widget_type=\"text-editor.default\">\n\t\t\t\t<div class=\"elementor-widget-container\">\n\t\t\t\t\t\t\t<p>In caso di domande sulle presenti Condizioni, si prega di contattarci:<\/p>\t\t\t\t\t\t<\/div>\n\t\t\t\t<\/div>\n\t\t\t\t<div class=\"elementor-element elementor-element-0b59a68 contact-policy elementor-widget elementor-widget-text-editor\" data-id=\"0b59a68\" data-element_type=\"widget\" data-widget_type=\"text-editor.default\">\n\t\t\t\t<div class=\"elementor-widget-container\">\n\t\t\t\t\t\t\tPotete anche contattarci:\n<ul>\n \t<li>via e-mail a: <a href=\"mailto:info@ondenta.com\">info@ondenta.com<\/a><\/li>\n \t<li>per telefono: <a\nhref=\"tel:+3726104208\">+3726104208<\/a><\/li>\n \t<li>tramite questo link: <a href=\"https:\/\/ondenta.com\/it\/\">https:\/\/ondenta.com\/<\/a><\/li>\n<\/ul>\t\t\t\t\t\t<\/div>\n\t\t\t\t<\/div>\n\t\t\t\t\t<\/div>\n\t\t<\/div>\n\t\t\t\t\t\t\t<\/div>\n\t\t<\/section>\n\t\t\t\t\t\t\t<\/div>","protected":false},"excerpt":{"rendered":"<p>Cookie Policy 1. WHAT ARE COOKIES, AND WHY DO WE USE THEM? 1.1 Cookies are small files that a site or its service provider transfers to your computer\u2019s hard drive through your Web browser (if you allow) that enables the site\u2019s or service provider\u2019s systems to recognise your browser and capture and remember certain information. [&hellip;]<\/p>","protected":false},"author":1,"featured_media":0,"parent":0,"menu_order":0,"comment_status":"closed","ping_status":"closed","template":"elementor_header_footer","meta":{"inline_featured_image":false,"_monsterinsights_skip_tracking":false,"_monsterinsights_sitenote_active":false,"_monsterinsights_sitenote_note":"","_monsterinsights_sitenote_category":0,"footnotes":""},"yoast_head":"<!-- This site is optimized with the Yoast SEO plugin v23.1 - https:\/\/yoast.com\/wordpress\/plugins\/seo\/ -->\n<title>Cookie Policy - Digital marketing agency | Ondenta Limited<\/title>\n<meta name=\"robots\" content=\"index, follow, max-snippet:-1, max-image-preview:large, max-video-preview:-1\" \/>\n<link rel=\"canonical\" href=\"https:\/\/ondenta.com\/it\/cookie-policy\/\" \/>\n<meta property=\"og:locale\" content=\"it_IT\" \/>\n<meta property=\"og:type\" content=\"article\" \/>\n<meta property=\"og:title\" content=\"Cookie Policy - Digital marketing agency | Ondenta Limited\" \/>\n<meta property=\"og:description\" content=\"Cookie Policy 1. WHAT ARE COOKIES, AND WHY DO WE USE THEM? 1.1 Cookies are small files that a site or its service provider transfers to your computer\u2019s hard drive through your Web browser (if you allow) that enables the site\u2019s or service provider\u2019s systems to recognise your browser and capture and remember certain information. [&hellip;]\" \/>\n<meta property=\"og:url\" content=\"https:\/\/ondenta.com\/it\/cookie-policy\/\" \/>\n<meta property=\"og:site_name\" content=\"Digital marketing agency | Ondenta Limited\" \/>\n<meta property=\"article:modified_time\" content=\"2024-07-23T11:00:45+00:00\" \/>\n<meta name=\"twitter:card\" content=\"summary_large_image\" \/>\n<meta name=\"twitter:label1\" content=\"Tempo di lettura stimato\" \/>\n\t<meta name=\"twitter:data1\" content=\"3 minuti\" \/>\n<script type=\"application\/ld+json\" class=\"yoast-schema-graph\">{\"@context\":\"https:\/\/schema.org\",\"@graph\":[{\"@type\":\"WebPage\",\"@id\":\"https:\/\/ondenta.com\/cookie-policy\/\",\"url\":\"https:\/\/ondenta.com\/cookie-policy\/\",\"name\":\"Cookie Policy - Digital marketing agency | Ondenta Limited\",\"isPartOf\":{\"@id\":\"https:\/\/ondenta.com\/#website\"},\"datePublished\":\"2022-10-05T20:16:44+00:00\",\"dateModified\":\"2024-07-23T11:00:45+00:00\",\"breadcrumb\":{\"@id\":\"https:\/\/ondenta.com\/cookie-policy\/#breadcrumb\"},\"inLanguage\":\"it-IT\",\"potentialAction\":[{\"@type\":\"ReadAction\",\"target\":[\"https:\/\/ondenta.com\/cookie-policy\/\"]}]},{\"@type\":\"BreadcrumbList\",\"@id\":\"https:\/\/ondenta.com\/cookie-policy\/#breadcrumb\",\"itemListElement\":[{\"@type\":\"ListItem\",\"position\":1,\"name\":\"Home\",\"item\":\"https:\/\/ondenta.com\/\"},{\"@type\":\"ListItem\",\"position\":2,\"name\":\"Cookie Policy\"}]},{\"@type\":\"WebSite\",\"@id\":\"https:\/\/ondenta.com\/#website\",\"url\":\"https:\/\/ondenta.com\/\",\"name\":\"Digital marketing agency | Ondenta Limited\",\"description\":\" Looking for a progressive and result-oriented team of digital marketing experts? This is us \u2014 Ondenta Limited! Contact our crew to find out how exactly we can help your business.\",\"publisher\":{\"@id\":\"https:\/\/ondenta.com\/#organization\"},\"potentialAction\":[{\"@type\":\"SearchAction\",\"target\":{\"@type\":\"EntryPoint\",\"urlTemplate\":\"https:\/\/ondenta.com\/?s={search_term_string}\"},\"query-input\":\"required name=search_term_string\"}],\"inLanguage\":\"it-IT\"},{\"@type\":\"Organization\",\"@id\":\"https:\/\/ondenta.com\/#organization\",\"name\":\"Digital marketing agency | Ondenta Limited\",\"url\":\"https:\/\/ondenta.com\/\",\"logo\":{\"@type\":\"ImageObject\",\"inLanguage\":\"it-IT\",\"@id\":\"https:\/\/ondenta.com\/#\/schema\/logo\/image\/\",\"url\":\"https:\/\/ondenta.com\/wp-content\/uploads\/2022\/09\/logo.svg\",\"contentUrl\":\"https:\/\/ondenta.com\/wp-content\/uploads\/2022\/09\/logo.svg\",\"width\":160,\"height\":54,\"caption\":\"Digital marketing agency | Ondenta Limited \"},\"image\":{\"@id\":\"https:\/\/ondenta.com\/#\/schema\/logo\/image\/\"}}]}<\/script>\n<!-- \/ Yoast SEO plugin. -->","yoast_head_json":{"title":"Cookie Policy - Digital marketing agency | Ondenta Limited","robots":{"index":"index","follow":"follow","max-snippet":"max-snippet:-1","max-image-preview":"max-image-preview:large","max-video-preview":"max-video-preview:-1"},"canonical":"https:\/\/ondenta.com\/it\/cookie-policy\/","og_locale":"it_IT","og_type":"article","og_title":"Cookie Policy - Digital marketing agency | Ondenta Limited","og_description":"Cookie Policy 1. WHAT ARE COOKIES, AND WHY DO WE USE THEM? 1.1 Cookies are small files that a site or its service provider transfers to your computer\u2019s hard drive through your Web browser (if you allow) that enables the site\u2019s or service provider\u2019s systems to recognise your browser and capture and remember certain information. [&hellip;]","og_url":"https:\/\/ondenta.com\/it\/cookie-policy\/","og_site_name":"Digital marketing agency | Ondenta Limited","article_modified_time":"2024-07-23T11:00:45+00:00","twitter_card":"summary_large_image","twitter_misc":{"Tempo di lettura stimato":"3 minuti"},"schema":{"@context":"https:\/\/schema.org","@graph":[{"@type":"WebPage","@id":"https:\/\/ondenta.com\/cookie-policy\/","url":"https:\/\/ondenta.com\/cookie-policy\/","name":"Cookie Policy - Digital marketing agency | Ondenta Limited","isPartOf":{"@id":"https:\/\/ondenta.com\/#website"},"datePublished":"2022-10-05T20:16:44+00:00","dateModified":"2024-07-23T11:00:45+00:00","breadcrumb":{"@id":"https:\/\/ondenta.com\/cookie-policy\/#breadcrumb"},"inLanguage":"it-IT","potentialAction":[{"@type":"ReadAction","target":["https:\/\/ondenta.com\/cookie-policy\/"]}]},{"@type":"BreadcrumbList","@id":"https:\/\/ondenta.com\/cookie-policy\/#breadcrumb","itemListElement":[{"@type":"ListItem","position":1,"name":"Home","item":"https:\/\/ondenta.com\/"},{"@type":"ListItem","position":2,"name":"Cookie Policy"}]},{"@type":"WebSite","@id":"https:\/\/ondenta.com\/#website","url":"https:\/\/ondenta.com\/","name":"Digital marketing agency | Ondenta Limited","description":" Looking for a progressive and result-oriented team of digital marketing experts? This is us \u2014 Ondenta Limited! Contact our crew to find out how exactly we can help your business.","publisher":{"@id":"https:\/\/ondenta.com\/#organization"},"potentialAction":[{"@type":"SearchAction","target":{"@type":"EntryPoint","urlTemplate":"https:\/\/ondenta.com\/?s={search_term_string}"},"query-input":"required name=search_term_string"}],"inLanguage":"it-IT"},{"@type":"Organization","@id":"https:\/\/ondenta.com\/#organization","name":"Digital marketing agency | Ondenta Limited","url":"https:\/\/ondenta.com\/","logo":{"@type":"ImageObject","inLanguage":"it-IT","@id":"https:\/\/ondenta.com\/#\/schema\/logo\/image\/","url":"https:\/\/ondenta.com\/wp-content\/uploads\/2022\/09\/logo.svg","contentUrl":"https:\/\/ondenta.com\/wp-content\/uploads\/2022\/09\/logo.svg","width":160,"height":54,"caption":"Digital marketing agency | Ondenta Limited "},"image":{"@id":"https:\/\/ondenta.com\/#\/schema\/logo\/image\/"}}]}},"_links":{"self":[{"href":"https:\/\/ondenta.com\/it\/wp-json\/wp\/v2\/pages\/3638"}],"collection":[{"href":"https:\/\/ondenta.com\/it\/wp-json\/wp\/v2\/pages"}],"about":[{"href":"https:\/\/ondenta.com\/it\/wp-json\/wp\/v2\/types\/page"}],"author":[{"embeddable":true,"href":"https:\/\/ondenta.com\/it\/wp-json\/wp\/v2\/users\/1"}],"replies":[{"embeddable":true,"href":"https:\/\/ondenta.com\/it\/wp-json\/wp\/v2\/comments?post=3638"}],"version-history":[{"count":6,"href":"https:\/\/ondenta.com\/it\/wp-json\/wp\/v2\/pages\/3638\/revisions"}],"predecessor-version":[{"id":4837,"href":"https:\/\/ondenta.com\/it\/wp-json\/wp\/v2\/pages\/3638\/revisions\/4837"}],"wp:attachment":[{"href":"https:\/\/ondenta.com\/it\/wp-json\/wp\/v2\/media?parent=3638"}],"curies":[{"name":"wp","href":"https:\/\/api.w.org\/{rel}","templated":true}]}}