{"id":3640,"date":"2022-10-05T20:17:06","date_gmt":"2022-10-05T20:17:06","guid":{"rendered":"https:\/\/ondenta.com\/?page_id=3640"},"modified":"2024-07-23T10:59:14","modified_gmt":"2024-07-23T10:59:14","slug":"refund-policy","status":"publish","type":"page","link":"https:\/\/ondenta.com\/de\/refund-policy\/","title":{"rendered":"Erstattungspolitik"},"content":{"rendered":"<div data-elementor-type=\"wp-page\" data-elementor-id=\"3640\" class=\"elementor elementor-3640\">\n\t\t\t\t\t\t\t\t\t<section class=\"elementor-section elementor-top-section elementor-element elementor-element-dcd8b80 elementor-section-boxed elementor-section-height-default elementor-section-height-default\" data-id=\"dcd8b80\" data-element_type=\"section\">\n\t\t\t\t\t\t<div class=\"elementor-container elementor-column-gap-default\">\n\t\t\t\t\t<div class=\"elementor-column elementor-col-100 elementor-top-column elementor-element elementor-element-c14ed2c\" data-id=\"c14ed2c\" data-element_type=\"column\">\n\t\t\t<div class=\"elementor-widget-wrap elementor-element-populated\">\n\t\t\t\t\t\t\t\t<div class=\"elementor-element elementor-element-c7574fb elementor-widget elementor-widget-heading\" data-id=\"c7574fb\" data-element_type=\"widget\" data-widget_type=\"heading.default\">\n\t\t\t\t<div class=\"elementor-widget-container\">\n\t\t\t<style>\/*! elementor - v3.7.7 - 20-09-2022 *\/\n.elementor-heading-title{padding:0;margin:0;line-height:1}.elementor-widget-heading .elementor-heading-title[class*=elementor-size-]>a{color:inherit;font-size:inherit;line-height:inherit}.elementor-widget-heading .elementor-heading-title.elementor-size-small{font-size:15px}.elementor-widget-heading .elementor-heading-title.elementor-size-medium{font-size:19px}.elementor-widget-heading .elementor-heading-title.elementor-size-large{font-size:29px}.elementor-widget-heading .elementor-heading-title.elementor-size-xl{font-size:39px}.elementor-widget-heading .elementor-heading-title.elementor-size-xxl{font-size:59px}<\/style><h1 class=\"elementor-heading-title elementor-size-default\">Erstattungspolitik<\/h1>\t\t<\/div>\n\t\t\t\t<\/div>\n\t\t\t\t<div class=\"elementor-element elementor-element-aaead75 refund-policy elementor-widget elementor-widget-text-editor\" data-id=\"aaead75\" data-element_type=\"widget\" data-widget_type=\"text-editor.default\">\n\t\t\t\t<div class=\"elementor-widget-container\">\n\t\t\t<style>\/*! elementor - v3.7.7 - 20-09-2022 *\/\n.elementor-widget-text-editor.elementor-drop-cap-view-stacked .elementor-drop-cap{background-color:#818a91;color:#fff}.elementor-widget-text-editor.elementor-drop-cap-view-framed .elementor-drop-cap{color:#818a91;border:3px solid;background-color:transparent}.elementor-widget-text-editor:not(.elementor-drop-cap-view-default) .elementor-drop-cap{margin-top:8px}.elementor-widget-text-editor:not(.elementor-drop-cap-view-default) .elementor-drop-cap-letter{width:1em;height:1em}.elementor-widget-text-editor .elementor-drop-cap{float:left;text-align:center;line-height:1;font-size:50px}.elementor-widget-text-editor .elementor-drop-cap-letter{display:inline-block}<\/style>\t\t\t\t<p><span style=\"font-weight: 400;\">Vielen Dank f\u00fcr die Nutzung unserer Dienste unter <\/span><a href=\"https:\/\/ondenta.com\/de\/\"><span style=\"font-weight: 400;\">https:\/\/ondenta.com\/<\/span><\/a><span style=\"font-weight: 400;\">die Ondenta Limited betreibt. <\/span><\/p><p>\u00a0<\/p><p><span style=\"font-weight: 400;\">F\u00fcr alle auf der Website angebotenen Dienstleistungen gilt eine vollst\u00e4ndige Geld-zur\u00fcck-Garantie. Wenn Sie mit den von Ihnen erworbenen Dienstleistungen nicht zufrieden sind, m\u00fcssen Sie eine Nachricht hinterlassen unter <\/span><a href=\"https:\/\/ondenta.com\/de\/\"><span style=\"font-weight: 400;\">https:\/\/ondenta.com\/<\/span><\/a><span style=\"font-weight: 400;\">. Ihr Antrag wird direkt an unsere Finanzabteilung zur Pr\u00fcfung weitergeleitet. Das Geld wird auf die urspr\u00fcngliche Zahlungsmethode zur\u00fcckerstattet, die Sie zum Zeitpunkt des Kaufs verwendet haben. <\/span><\/p><p>\u00a0<\/p><p><span style=\"font-weight: 400;\">Erstattungsantr\u00e4ge m\u00fcssen innerhalb von 30 Tagen gestellt werden. Nach 30 Tagen haben Sie keinen Anspruch mehr auf eine Erstattung.<\/span><\/p>\t\t\t\t\t\t<\/div>\n\t\t\t\t<\/div>\n\t\t\t\t<div class=\"elementor-element elementor-element-21b1eff elementor-widget elementor-widget-heading\" data-id=\"21b1eff\" data-element_type=\"widget\" data-widget_type=\"heading.default\">\n\t\t\t\t<div class=\"elementor-widget-container\">\n\t\t\t<h2 class=\"elementor-heading-title elementor-size-default\">KONTAKT US<\/h2>\t\t<\/div>\n\t\t\t\t<\/div>\n\t\t\t\t<div class=\"elementor-element elementor-element-a82f50b elementor-widget elementor-widget-text-editor\" data-id=\"a82f50b\" data-element_type=\"widget\" data-widget_type=\"text-editor.default\">\n\t\t\t\t<div class=\"elementor-widget-container\">\n\t\t\t\t\t\t\t<p>Wenn Sie Fragen zu diesen Bedingungen haben, wenden Sie sich bitte an uns:<\/p>\t\t\t\t\t\t<\/div>\n\t\t\t\t<\/div>\n\t\t\t\t<div class=\"elementor-element elementor-element-c5e5fe9 refund-policy elementor-widget elementor-widget-text-editor\" data-id=\"c5e5fe9\" data-element_type=\"widget\" data-widget_type=\"text-editor.default\">\n\t\t\t\t<div class=\"elementor-widget-container\">\n\t\t\t\t\t\t\tSie k\u00f6nnen uns auch kontaktieren:\n<ul>\n \t<li>per E-Mail an: <a href=\"mailto:info@ondenta.com\">info@ondenta.com<\/a><\/li>\n \t<li>per Telefon: <a href=\"tel:+3726104208\">+3726104208<\/a><\/li>\n \t<li>\u00fcber diesen Link: <a href=\"https:\/\/ondenta.com\/de\/\">https:\/\/ondenta.com\/<\/a><\/li>\n<\/ul>\t\t\t\t\t\t<\/div>\n\t\t\t\t<\/div>\n\t\t\t\t\t<\/div>\n\t\t<\/div>\n\t\t\t\t\t\t\t<\/div>\n\t\t<\/section>\n\t\t\t\t\t\t\t<\/div>","protected":false},"excerpt":{"rendered":"<p>Refund Policy Thanks for using our services at https:\/\/ondenta.com\/, which Ondenta Limited operates. \u00a0 All services provided on the site are subject to a full money-back guarantee. If you are unsatisfied with the services you purchased, you must leave a message at https:\/\/ondenta.com\/. Your application will be sent directly to our finance department for review. [&hellip;]<\/p>","protected":false},"author":1,"featured_media":0,"parent":0,"menu_order":0,"comment_status":"closed","ping_status":"closed","template":"elementor_header_footer","meta":{"inline_featured_image":false,"_monsterinsights_skip_tracking":false,"_monsterinsights_sitenote_active":false,"_monsterinsights_sitenote_note":"","_monsterinsights_sitenote_category":0,"footnotes":""},"yoast_head":"<!-- This site is optimized with the Yoast SEO plugin v23.1 - https:\/\/yoast.com\/wordpress\/plugins\/seo\/ -->\n<title>Refund Policy - Digital marketing agency | Ondenta Limited<\/title>\n<meta name=\"robots\" content=\"index, follow, max-snippet:-1, max-image-preview:large, max-video-preview:-1\" \/>\n<link rel=\"canonical\" href=\"https:\/\/ondenta.com\/de\/refund-policy\/\" \/>\n<meta property=\"og:locale\" content=\"de_DE\" \/>\n<meta property=\"og:type\" content=\"article\" \/>\n<meta property=\"og:title\" content=\"Refund Policy - Digital marketing agency | Ondenta Limited\" \/>\n<meta property=\"og:description\" content=\"Refund Policy Thanks for using our services at https:\/\/ondenta.com\/, which Ondenta Limited operates. \u00a0 All services provided on the site are subject to a full money-back guarantee. If you are unsatisfied with the services you purchased, you must leave a message at https:\/\/ondenta.com\/. Your application will be sent directly to our finance department for review. [&hellip;]\" \/>\n<meta property=\"og:url\" content=\"https:\/\/ondenta.com\/de\/refund-policy\/\" \/>\n<meta property=\"og:site_name\" content=\"Digital marketing agency | Ondenta Limited\" \/>\n<meta property=\"article:modified_time\" content=\"2024-07-23T10:59:14+00:00\" \/>\n<meta name=\"twitter:card\" content=\"summary_large_image\" \/>\n<meta name=\"twitter:label1\" content=\"Gesch\u00e4tzte Lesezeit\" \/>\n\t<meta name=\"twitter:data1\" content=\"1\u00a0Minute\" \/>\n<script type=\"application\/ld+json\" class=\"yoast-schema-graph\">{\"@context\":\"https:\/\/schema.org\",\"@graph\":[{\"@type\":\"WebPage\",\"@id\":\"https:\/\/ondenta.com\/refund-policy\/\",\"url\":\"https:\/\/ondenta.com\/refund-policy\/\",\"name\":\"Refund Policy - Digital marketing agency | Ondenta Limited\",\"isPartOf\":{\"@id\":\"https:\/\/ondenta.com\/#website\"},\"datePublished\":\"2022-10-05T20:17:06+00:00\",\"dateModified\":\"2024-07-23T10:59:14+00:00\",\"breadcrumb\":{\"@id\":\"https:\/\/ondenta.com\/refund-policy\/#breadcrumb\"},\"inLanguage\":\"de\",\"potentialAction\":[{\"@type\":\"ReadAction\",\"target\":[\"https:\/\/ondenta.com\/refund-policy\/\"]}]},{\"@type\":\"BreadcrumbList\",\"@id\":\"https:\/\/ondenta.com\/refund-policy\/#breadcrumb\",\"itemListElement\":[{\"@type\":\"ListItem\",\"position\":1,\"name\":\"Home\",\"item\":\"https:\/\/ondenta.com\/\"},{\"@type\":\"ListItem\",\"position\":2,\"name\":\"Refund Policy\"}]},{\"@type\":\"WebSite\",\"@id\":\"https:\/\/ondenta.com\/#website\",\"url\":\"https:\/\/ondenta.com\/\",\"name\":\"Digital marketing agency | Ondenta Limited\",\"description\":\" Looking for a progressive and result-oriented team of digital marketing experts? This is us \u2014 Ondenta Limited! Contact our crew to find out how exactly we can help your business.\",\"publisher\":{\"@id\":\"https:\/\/ondenta.com\/#organization\"},\"potentialAction\":[{\"@type\":\"SearchAction\",\"target\":{\"@type\":\"EntryPoint\",\"urlTemplate\":\"https:\/\/ondenta.com\/?s={search_term_string}\"},\"query-input\":\"required name=search_term_string\"}],\"inLanguage\":\"de\"},{\"@type\":\"Organization\",\"@id\":\"https:\/\/ondenta.com\/#organization\",\"name\":\"Digital marketing agency | Ondenta Limited\",\"url\":\"https:\/\/ondenta.com\/\",\"logo\":{\"@type\":\"ImageObject\",\"inLanguage\":\"de\",\"@id\":\"https:\/\/ondenta.com\/#\/schema\/logo\/image\/\",\"url\":\"https:\/\/ondenta.com\/wp-content\/uploads\/2022\/09\/logo.svg\",\"contentUrl\":\"https:\/\/ondenta.com\/wp-content\/uploads\/2022\/09\/logo.svg\",\"width\":160,\"height\":54,\"caption\":\"Digital marketing agency | Ondenta Limited \"},\"image\":{\"@id\":\"https:\/\/ondenta.com\/#\/schema\/logo\/image\/\"}}]}<\/script>\n<!-- \/ Yoast SEO plugin. -->","yoast_head_json":{"title":"Refund Policy - Digital marketing agency | Ondenta Limited","robots":{"index":"index","follow":"follow","max-snippet":"max-snippet:-1","max-image-preview":"max-image-preview:large","max-video-preview":"max-video-preview:-1"},"canonical":"https:\/\/ondenta.com\/de\/refund-policy\/","og_locale":"de_DE","og_type":"article","og_title":"Refund Policy - Digital marketing agency | Ondenta Limited","og_description":"Refund Policy Thanks for using our services at https:\/\/ondenta.com\/, which Ondenta Limited operates. \u00a0 All services provided on the site are subject to a full money-back guarantee. If you are unsatisfied with the services you purchased, you must leave a message at https:\/\/ondenta.com\/. Your application will be sent directly to our finance department for review. [&hellip;]","og_url":"https:\/\/ondenta.com\/de\/refund-policy\/","og_site_name":"Digital marketing agency | Ondenta Limited","article_modified_time":"2024-07-23T10:59:14+00:00","twitter_card":"summary_large_image","twitter_misc":{"Gesch\u00e4tzte Lesezeit":"1\u00a0Minute"},"schema":{"@context":"https:\/\/schema.org","@graph":[{"@type":"WebPage","@id":"https:\/\/ondenta.com\/refund-policy\/","url":"https:\/\/ondenta.com\/refund-policy\/","name":"Refund Policy - Digital marketing agency | Ondenta Limited","isPartOf":{"@id":"https:\/\/ondenta.com\/#website"},"datePublished":"2022-10-05T20:17:06+00:00","dateModified":"2024-07-23T10:59:14+00:00","breadcrumb":{"@id":"https:\/\/ondenta.com\/refund-policy\/#breadcrumb"},"inLanguage":"de","potentialAction":[{"@type":"ReadAction","target":["https:\/\/ondenta.com\/refund-policy\/"]}]},{"@type":"BreadcrumbList","@id":"https:\/\/ondenta.com\/refund-policy\/#breadcrumb","itemListElement":[{"@type":"ListItem","position":1,"name":"Home","item":"https:\/\/ondenta.com\/"},{"@type":"ListItem","position":2,"name":"Refund Policy"}]},{"@type":"WebSite","@id":"https:\/\/ondenta.com\/#website","url":"https:\/\/ondenta.com\/","name":"Digital marketing agency | Ondenta Limited","description":" Looking for a progressive and result-oriented team of digital marketing experts? This is us \u2014 Ondenta Limited! Contact our crew to find out how exactly we can help your business.","publisher":{"@id":"https:\/\/ondenta.com\/#organization"},"potentialAction":[{"@type":"SearchAction","target":{"@type":"EntryPoint","urlTemplate":"https:\/\/ondenta.com\/?s={search_term_string}"},"query-input":"required name=search_term_string"}],"inLanguage":"de"},{"@type":"Organization","@id":"https:\/\/ondenta.com\/#organization","name":"Digital marketing agency | Ondenta Limited","url":"https:\/\/ondenta.com\/","logo":{"@type":"ImageObject","inLanguage":"de","@id":"https:\/\/ondenta.com\/#\/schema\/logo\/image\/","url":"https:\/\/ondenta.com\/wp-content\/uploads\/2022\/09\/logo.svg","contentUrl":"https:\/\/ondenta.com\/wp-content\/uploads\/2022\/09\/logo.svg","width":160,"height":54,"caption":"Digital marketing agency | Ondenta Limited "},"image":{"@id":"https:\/\/ondenta.com\/#\/schema\/logo\/image\/"}}]}},"_links":{"self":[{"href":"https:\/\/ondenta.com\/de\/wp-json\/wp\/v2\/pages\/3640"}],"collection":[{"href":"https:\/\/ondenta.com\/de\/wp-json\/wp\/v2\/pages"}],"about":[{"href":"https:\/\/ondenta.com\/de\/wp-json\/wp\/v2\/types\/page"}],"author":[{"embeddable":true,"href":"https:\/\/ondenta.com\/de\/wp-json\/wp\/v2\/users\/1"}],"replies":[{"embeddable":true,"href":"https:\/\/ondenta.com\/de\/wp-json\/wp\/v2\/comments?post=3640"}],"version-history":[{"count":3,"href":"https:\/\/ondenta.com\/de\/wp-json\/wp\/v2\/pages\/3640\/revisions"}],"predecessor-version":[{"id":4834,"href":"https:\/\/ondenta.com\/de\/wp-json\/wp\/v2\/pages\/3640\/revisions\/4834"}],"wp:attachment":[{"href":"https:\/\/ondenta.com\/de\/wp-json\/wp\/v2\/media?parent=3640"}],"curies":[{"name":"wp","href":"https:\/\/api.w.org\/{rel}","templated":true}]}}