{"id":3638,"date":"2022-10-05T20:16:44","date_gmt":"2022-10-05T20:16:44","guid":{"rendered":"https:\/\/ondenta.com\/?page_id=3638"},"modified":"2024-07-23T11:00:45","modified_gmt":"2024-07-23T11:00:45","slug":"cookie-policy","status":"publish","type":"page","link":"https:\/\/ondenta.com\/de\/cookie-policy\/","title":{"rendered":"Cookie-Richtlinie"},"content":{"rendered":"<div data-elementor-type=\"wp-page\" data-elementor-id=\"3638\" class=\"elementor elementor-3638\">\n\t\t\t\t\t\t\t\t\t<section class=\"elementor-section elementor-top-section elementor-element elementor-element-55d42d2 elementor-section-boxed elementor-section-height-default elementor-section-height-default\" data-id=\"55d42d2\" data-element_type=\"section\">\n\t\t\t\t\t\t<div class=\"elementor-container elementor-column-gap-default\">\n\t\t\t\t\t<div class=\"elementor-column elementor-col-100 elementor-top-column elementor-element elementor-element-4fec171\" data-id=\"4fec171\" data-element_type=\"column\">\n\t\t\t<div class=\"elementor-widget-wrap elementor-element-populated\">\n\t\t\t\t\t\t\t\t<div class=\"elementor-element elementor-element-0af97e0 elementor-widget elementor-widget-heading\" data-id=\"0af97e0\" data-element_type=\"widget\" data-widget_type=\"heading.default\">\n\t\t\t\t<div class=\"elementor-widget-container\">\n\t\t\t<style>\/*! elementor - v3.7.7 - 20-09-2022 *\/\n.elementor-heading-title{padding:0;margin:0;line-height:1}.elementor-widget-heading .elementor-heading-title[class*=elementor-size-]>a{color:inherit;font-size:inherit;line-height:inherit}.elementor-widget-heading .elementor-heading-title.elementor-size-small{font-size:15px}.elementor-widget-heading .elementor-heading-title.elementor-size-medium{font-size:19px}.elementor-widget-heading .elementor-heading-title.elementor-size-large{font-size:29px}.elementor-widget-heading .elementor-heading-title.elementor-size-xl{font-size:39px}.elementor-widget-heading .elementor-heading-title.elementor-size-xxl{font-size:59px}<\/style><h1 class=\"elementor-heading-title elementor-size-default\">Cookie-Richtlinie<\/h1>\t\t<\/div>\n\t\t\t\t<\/div>\n\t\t\t\t<div class=\"elementor-element elementor-element-94dba9e elementor-widget elementor-widget-heading\" data-id=\"94dba9e\" data-element_type=\"widget\" data-widget_type=\"heading.default\">\n\t\t\t\t<div class=\"elementor-widget-container\">\n\t\t\t<h2 class=\"elementor-heading-title elementor-size-default\">1. WAS SIND COOKIES, UND WARUM VERWENDEN WIR SIE? <\/h2>\t\t<\/div>\n\t\t\t\t<\/div>\n\t\t\t\t<div class=\"elementor-element elementor-element-64b41f3 elementor-widget elementor-widget-text-editor\" data-id=\"64b41f3\" data-element_type=\"widget\" data-widget_type=\"text-editor.default\">\n\t\t\t\t<div class=\"elementor-widget-container\">\n\t\t\t<style>\/*! elementor - v3.7.7 - 20-09-2022 *\/\n.elementor-widget-text-editor.elementor-drop-cap-view-stacked .elementor-drop-cap{background-color:#818a91;color:#fff}.elementor-widget-text-editor.elementor-drop-cap-view-framed .elementor-drop-cap{color:#818a91;border:3px solid;background-color:transparent}.elementor-widget-text-editor:not(.elementor-drop-cap-view-default) .elementor-drop-cap{margin-top:8px}.elementor-widget-text-editor:not(.elementor-drop-cap-view-default) .elementor-drop-cap-letter{width:1em;height:1em}.elementor-widget-text-editor .elementor-drop-cap{float:left;text-align:center;line-height:1;font-size:50px}.elementor-widget-text-editor .elementor-drop-cap-letter{display:inline-block}<\/style>\t\t\t\t<p>1.1 <span style=\"font-weight: 400;\">Cookies sind kleine Dateien, die eine Website oder ihr Dienstanbieter \u00fcber Ihren Webbrowser auf die Festplatte Ihres Computers \u00fcbertr\u00e4gt (sofern Sie dies zulassen) und die es den Systemen der Website oder des Dienstanbieters erm\u00f6glichen, Ihren Browser zu erkennen und bestimmte Informationen zu erfassen und zu speichern.<\/span><\/p><p><span style=\"font-weight: 400;\">Wir verwenden Cookies, um aggregierte Daten \u00fcber den Website-Verkehr und die Interaktion zu sammeln, damit wir in Zukunft bessere Website-Erfahrungen und -Tools anbieten k\u00f6nnen.<\/span><\/p><p>\u00a0<\/p><p><span style=\"font-weight: 400;\">Andere automatische Mittel, die h\u00e4ufig auf Websites und Anwendungen verwendet werden, sind Pixel-Tags (auch bekannt als Web-Beacons oder Clear GIFs). Pixel-Tags sind in der Regel transparente grafische Bilder, die auf einer Website platziert werden. Diese Pixel werden in Kombination mit Cookies verwendet, um die Aktionen der Besucher auf der Website zu messen.<\/span><\/p><p>\u00a0<\/p><p><span style=\"font-weight: 400;\">1.2. Cookies k\u00f6nnen zu unterschiedlichen Zeiten auf Ihrem Browser oder Ger\u00e4t gespeichert werden.<\/span><\/p><p>\u00a0<\/p><p><span style=\"font-weight: 400;\">\"Sitzungs-Cookies\" sind auf die Dauer Ihres Besuchs auf der betreffenden Website oder Anwendung beschr\u00e4nkt und werden beendet, wenn Sie die Website oder Anwendung verlassen. \"Dauerhafte Cookies\" bleiben auf Ihrem Computer oder Ger\u00e4t gespeichert, bis sie gel\u00f6scht werden oder ihr Verfallsdatum erreichen.<\/span><\/p>\t\t\t\t\t\t<\/div>\n\t\t\t\t<\/div>\n\t\t\t\t<div class=\"elementor-element elementor-element-3f035f9 elementor-widget elementor-widget-heading\" data-id=\"3f035f9\" data-element_type=\"widget\" data-widget_type=\"heading.default\">\n\t\t\t\t<div class=\"elementor-widget-container\">\n\t\t\t<h2 class=\"elementor-heading-title elementor-size-default\">2. KATEGORIEN VON COOKIES<\/h2>\t\t<\/div>\n\t\t\t\t<\/div>\n\t\t\t\t<div class=\"elementor-element elementor-element-800bd9b elementor-widget elementor-widget-text-editor\" data-id=\"800bd9b\" data-element_type=\"widget\" data-widget_type=\"text-editor.default\">\n\t\t\t\t<div class=\"elementor-widget-container\">\n\t\t\t\t\t\t\t<p><span style=\"font-weight: 400;\">2.1. Streng notwendige Cookies - Diese Cookies sind notwendig, um zwischen dem Ger\u00e4t des Nutzers und der Website oder Anwendung zu kommunizieren oder dem Nutzer die von ihm angeforderten Dienste bereitzustellen.<\/span><\/p><p>\u00a0<\/p><p><span style=\"font-weight: 400;\">2.2. Funktionalit\u00e4ts-Cookies - Diese Cookies erm\u00f6glichen es der Website oder Anwendung, sich an die Entscheidungen des Nutzers zu erinnern.<\/span><\/p><p>\u00a0<\/p><p><span style=\"font-weight: 400;\">2.3. Performance (analytische) Cookies - Diese Cookies sammeln Informationen dar\u00fcber, wie Besucher die Website oder Anwendung nutzen, z. B. welche Seiten Besucher am h\u00e4ufigsten besuchen und ob sie wahrscheinlich Fehlermeldungen von bestimmten Seiten erhalten. <\/span><\/p><p>\u00a0<\/p><p><span style=\"font-weight: 400;\">2.4. Cookies f\u00fcr Werbung (Targeting) - Diese Cookies liefern dem Nutzer personalisierte Werbung. Diese Cookies werden verwendet, um Werbekampagnen von Website- und Anwendungsbesitzern oder Dritten zu f\u00f6rdern und die Wirksamkeit einer Werbekampagne zu messen.<\/span><\/p><p>\u00a0<\/p><p><span style=\"font-weight: 400;\">Werbe-Cookies werden in der Regel von Werbenetzwerken gesetzt, die eine Verbindung zwischen dem jeweiligen Werbetreibenden und dem Ort der Ver\u00f6ffentlichung der Werbung herstellen.<\/span><\/p>\t\t\t\t\t\t<\/div>\n\t\t\t\t<\/div>\n\t\t\t\t<div class=\"elementor-element elementor-element-8a2d646 elementor-widget elementor-widget-heading\" data-id=\"8a2d646\" data-element_type=\"widget\" data-widget_type=\"heading.default\">\n\t\t\t\t<div class=\"elementor-widget-container\">\n\t\t\t<h2 class=\"elementor-heading-title elementor-size-default\">3. WELCHE COOKIES VERWENDEN WIR, UND WELCHE INFORMATIONEN WERDEN MIT HILFE VON COOKIES GESAMMELT?<\/h2>\t\t<\/div>\n\t\t\t\t<\/div>\n\t\t\t\t<div class=\"elementor-element elementor-element-32ab667 cookie-what elementor-widget elementor-widget-text-editor\" data-id=\"32ab667\" data-element_type=\"widget\" data-widget_type=\"text-editor.default\">\n\t\t\t\t<div class=\"elementor-widget-container\">\n\t\t\t\t\t\t\t<p><span style=\"font-weight: 400;\">Die auf unserer Website verwendeten Cookies enthalten Cookies von Erstanbietern und Drittanbietern, strikt notwendige Cookies, Funktions-Cookies, Leistungs-Cookies (analytische Cookies) und Werbe-Cookies (Targeting-Cookies).<\/span><\/p><p>\u00a0<\/p><p><span style=\"font-weight: 400;\">Die auf unserer Website mithilfe von Cookies gesammelten Informationen umfassen:<\/span><\/p><ul><li><span style=\"font-weight: 400;\">Informationen \u00fcber Ihr Betriebssystem und Ihr Ger\u00e4t.<\/span><\/li><li style=\"font-weight: 400;\" aria-level=\"1\"><span style=\"font-weight: 400;\">Webseiten, auf die Sie auf unserer Website zugreifen, der Link, der Sie zu unserer Website gef\u00fchrt hat, Datum und Uhrzeit Ihres Zugriffs auf unsere Website, Ereignisinformationen (z. B. Systemabst\u00fcrze) und allgemeine Standortinformationen (z. B. Stadt oder Region).<\/span><\/li><li style=\"font-weight: 400;\" aria-level=\"1\"><span style=\"font-weight: 400;\">Die Benutzer stellen Informationen auf der Website zur Verf\u00fcgung, um die Benutzererfahrung zu optimieren und zu verhindern, dass ein Benutzer bei seinem n\u00e4chsten Besuch auf unserer Website erneut Informationen eingeben muss.<\/span><\/li><li style=\"font-weight: 400;\" aria-level=\"1\"><span style=\"font-weight: 400;\">Die Anzahl der Besucher auf unserer Website und die aufgerufenen Seiten.<\/span><\/li><li style=\"font-weight: 400;\" aria-level=\"1\"><span style=\"font-weight: 400;\">Werbenutzer-ID und Informationen im Zusammenhang mit gezielter Werbung.<\/span><\/li><\/ul><p>\u00a0<\/p>\t\t\t\t\t\t<\/div>\n\t\t\t\t<\/div>\n\t\t\t\t<div class=\"elementor-element elementor-element-d26604d elementor-widget elementor-widget-heading\" data-id=\"d26604d\" data-element_type=\"widget\" data-widget_type=\"heading.default\">\n\t\t\t\t<div class=\"elementor-widget-container\">\n\t\t\t<h2 class=\"elementor-heading-title elementor-size-default\">4. WIE MAN COOKIES VERWALTET<\/h2>\t\t<\/div>\n\t\t\t\t<\/div>\n\t\t\t\t<div class=\"elementor-element elementor-element-01ff2bc elementor-widget elementor-widget-text-editor\" data-id=\"01ff2bc\" data-element_type=\"widget\" data-widget_type=\"text-editor.default\">\n\t\t\t\t<div class=\"elementor-widget-container\">\n\t\t\t\t\t\t\t<p><span style=\"font-weight: 400;\">Wenn Sie nicht m\u00f6chten, dass beim Surfen auf unserer Website Cookies auf Ihrem Ger\u00e4t gespeichert werden, k\u00f6nnen Sie Ihren Browser so einstellen, dass er solche Cookies verwaltet oder ablehnt oder Sie benachrichtigt, wenn ein Cookie auf Ihrem Browser gespeichert wird. Diese Einstellungen finden Sie normalerweise im Men\u00fc \"Optionen\" oder \"Einstellungen\" Ihres Internetbrowsers. Weitere Informationen dar\u00fcber, wie Sie Ihre Browsereinstellungen \u00e4ndern k\u00f6nnen, finden Sie im Hilfebereich Ihres Internetbrowsers. Bei den meisten Internet-Browsern k\u00f6nnen Sie auch sehen, welche Cookies derzeit auf Ihrem Ger\u00e4t gespeichert sind, und diese nach Belieben l\u00f6schen.<\/span><\/p><p>\u00a0<\/p><p><span style=\"font-weight: 400;\">Wir weisen Sie au\u00dferdem darauf hin, dass bei der Deaktivierung bestimmter Cookies einige Funktionen der Website m\u00f6glicherweise nicht ordnungsgem\u00e4\u00df funktionieren und Ihre M\u00f6glichkeiten eingeschr\u00e4nkt sein k\u00f6nnen.<\/span><\/p>\t\t\t\t\t\t<\/div>\n\t\t\t\t<\/div>\n\t\t\t\t<div class=\"elementor-element elementor-element-b7d236c elementor-widget elementor-widget-heading\" data-id=\"b7d236c\" data-element_type=\"widget\" data-widget_type=\"heading.default\">\n\t\t\t\t<div class=\"elementor-widget-container\">\n\t\t\t<h2 class=\"elementor-heading-title elementor-size-default\">5. \u00c4NDERUNGEN UND AKTUALISIERUNGEN<\/h2>\t\t<\/div>\n\t\t\t\t<\/div>\n\t\t\t\t<div class=\"elementor-element elementor-element-6576c5a elementor-widget elementor-widget-text-editor\" data-id=\"6576c5a\" data-element_type=\"widget\" data-widget_type=\"text-editor.default\">\n\t\t\t\t<div class=\"elementor-widget-container\">\n\t\t\t\t\t\t\t<p><span style=\"font-weight: 400;\">Wir werden diese Cookie-Richtlinie aktualisieren, um ihre Bedingungen zu \u00e4ndern oder Kundenfeedback zu ber\u00fccksichtigen. Wenn wir \u00c4nderungen an dieser Erkl\u00e4rung ver\u00f6ffentlichen, werden wir das Datum der letzten Aktualisierung oben in der Erkl\u00e4rung \u00e4ndern. Angenommen, es gibt wesentliche \u00c4nderungen an dieser Erkl\u00e4rung. In diesem Fall benachrichtigen wir Sie, indem wir einen Hinweis auf solche \u00c4nderungen deutlich sichtbar ver\u00f6ffentlichen, bevor sie in Kraft treten, oder indem wir Ihnen direkt eine Benachrichtigung schicken.<\/span><\/p>\t\t\t\t\t\t<\/div>\n\t\t\t\t<\/div>\n\t\t\t\t<div class=\"elementor-element elementor-element-d9dbd4d elementor-widget elementor-widget-heading\" data-id=\"d9dbd4d\" data-element_type=\"widget\" data-widget_type=\"heading.default\">\n\t\t\t\t<div class=\"elementor-widget-container\">\n\t\t\t<h2 class=\"elementor-heading-title elementor-size-default\">KONTAKT US<\/h2>\t\t<\/div>\n\t\t\t\t<\/div>\n\t\t\t\t<div class=\"elementor-element elementor-element-9551e2f elementor-widget elementor-widget-text-editor\" data-id=\"9551e2f\" data-element_type=\"widget\" data-widget_type=\"text-editor.default\">\n\t\t\t\t<div class=\"elementor-widget-container\">\n\t\t\t\t\t\t\t<p>Wenn Sie Fragen zu diesen Bedingungen haben, wenden Sie sich bitte an uns:<\/p>\t\t\t\t\t\t<\/div>\n\t\t\t\t<\/div>\n\t\t\t\t<div class=\"elementor-element elementor-element-0b59a68 contact-policy elementor-widget elementor-widget-text-editor\" data-id=\"0b59a68\" data-element_type=\"widget\" data-widget_type=\"text-editor.default\">\n\t\t\t\t<div class=\"elementor-widget-container\">\n\t\t\t\t\t\t\tSie k\u00f6nnen uns auch kontaktieren:\n<ul>\n \t<li>per E-Mail an: <a href=\"mailto:info@ondenta.com\">info@ondenta.com<\/a><\/li>\n \t<li>per Telefon: <a\nhref=\"tel:+3726104208\">+3726104208<\/a><\/li>\n \t<li>\u00fcber diesen Link: <a href=\"https:\/\/ondenta.com\/de\/\">https:\/\/ondenta.com\/<\/a><\/li>\n<\/ul>\t\t\t\t\t\t<\/div>\n\t\t\t\t<\/div>\n\t\t\t\t\t<\/div>\n\t\t<\/div>\n\t\t\t\t\t\t\t<\/div>\n\t\t<\/section>\n\t\t\t\t\t\t\t<\/div>","protected":false},"excerpt":{"rendered":"<p>Cookie Policy 1. WHAT ARE COOKIES, AND WHY DO WE USE THEM? 1.1 Cookies are small files that a site or its service provider transfers to your computer\u2019s hard drive through your Web browser (if you allow) that enables the site\u2019s or service provider\u2019s systems to recognise your browser and capture and remember certain information. [&hellip;]<\/p>","protected":false},"author":1,"featured_media":0,"parent":0,"menu_order":0,"comment_status":"closed","ping_status":"closed","template":"elementor_header_footer","meta":{"inline_featured_image":false,"_monsterinsights_skip_tracking":false,"_monsterinsights_sitenote_active":false,"_monsterinsights_sitenote_note":"","_monsterinsights_sitenote_category":0,"footnotes":""},"yoast_head":"<!-- This site is optimized with the Yoast SEO plugin v23.1 - https:\/\/yoast.com\/wordpress\/plugins\/seo\/ -->\n<title>Cookie Policy - Digital marketing agency | Ondenta Limited<\/title>\n<meta name=\"robots\" content=\"index, follow, max-snippet:-1, max-image-preview:large, max-video-preview:-1\" \/>\n<link rel=\"canonical\" href=\"https:\/\/ondenta.com\/de\/cookie-policy\/\" \/>\n<meta property=\"og:locale\" content=\"de_DE\" \/>\n<meta property=\"og:type\" content=\"article\" \/>\n<meta property=\"og:title\" content=\"Cookie Policy - Digital marketing agency | Ondenta Limited\" \/>\n<meta property=\"og:description\" content=\"Cookie Policy 1. WHAT ARE COOKIES, AND WHY DO WE USE THEM? 1.1 Cookies are small files that a site or its service provider transfers to your computer\u2019s hard drive through your Web browser (if you allow) that enables the site\u2019s or service provider\u2019s systems to recognise your browser and capture and remember certain information. [&hellip;]\" \/>\n<meta property=\"og:url\" content=\"https:\/\/ondenta.com\/de\/cookie-policy\/\" \/>\n<meta property=\"og:site_name\" content=\"Digital marketing agency | Ondenta Limited\" \/>\n<meta property=\"article:modified_time\" content=\"2024-07-23T11:00:45+00:00\" \/>\n<meta name=\"twitter:card\" content=\"summary_large_image\" \/>\n<meta name=\"twitter:label1\" content=\"Gesch\u00e4tzte Lesezeit\" \/>\n\t<meta name=\"twitter:data1\" content=\"3\u00a0Minuten\" \/>\n<script type=\"application\/ld+json\" class=\"yoast-schema-graph\">{\"@context\":\"https:\/\/schema.org\",\"@graph\":[{\"@type\":\"WebPage\",\"@id\":\"https:\/\/ondenta.com\/cookie-policy\/\",\"url\":\"https:\/\/ondenta.com\/cookie-policy\/\",\"name\":\"Cookie Policy - Digital marketing agency | Ondenta Limited\",\"isPartOf\":{\"@id\":\"https:\/\/ondenta.com\/#website\"},\"datePublished\":\"2022-10-05T20:16:44+00:00\",\"dateModified\":\"2024-07-23T11:00:45+00:00\",\"breadcrumb\":{\"@id\":\"https:\/\/ondenta.com\/cookie-policy\/#breadcrumb\"},\"inLanguage\":\"de\",\"potentialAction\":[{\"@type\":\"ReadAction\",\"target\":[\"https:\/\/ondenta.com\/cookie-policy\/\"]}]},{\"@type\":\"BreadcrumbList\",\"@id\":\"https:\/\/ondenta.com\/cookie-policy\/#breadcrumb\",\"itemListElement\":[{\"@type\":\"ListItem\",\"position\":1,\"name\":\"Home\",\"item\":\"https:\/\/ondenta.com\/\"},{\"@type\":\"ListItem\",\"position\":2,\"name\":\"Cookie Policy\"}]},{\"@type\":\"WebSite\",\"@id\":\"https:\/\/ondenta.com\/#website\",\"url\":\"https:\/\/ondenta.com\/\",\"name\":\"Digital marketing agency | Ondenta Limited\",\"description\":\" Looking for a progressive and result-oriented team of digital marketing experts? This is us \u2014 Ondenta Limited! Contact our crew to find out how exactly we can help your business.\",\"publisher\":{\"@id\":\"https:\/\/ondenta.com\/#organization\"},\"potentialAction\":[{\"@type\":\"SearchAction\",\"target\":{\"@type\":\"EntryPoint\",\"urlTemplate\":\"https:\/\/ondenta.com\/?s={search_term_string}\"},\"query-input\":\"required name=search_term_string\"}],\"inLanguage\":\"de\"},{\"@type\":\"Organization\",\"@id\":\"https:\/\/ondenta.com\/#organization\",\"name\":\"Digital marketing agency | Ondenta Limited\",\"url\":\"https:\/\/ondenta.com\/\",\"logo\":{\"@type\":\"ImageObject\",\"inLanguage\":\"de\",\"@id\":\"https:\/\/ondenta.com\/#\/schema\/logo\/image\/\",\"url\":\"https:\/\/ondenta.com\/wp-content\/uploads\/2022\/09\/logo.svg\",\"contentUrl\":\"https:\/\/ondenta.com\/wp-content\/uploads\/2022\/09\/logo.svg\",\"width\":160,\"height\":54,\"caption\":\"Digital marketing agency | Ondenta Limited \"},\"image\":{\"@id\":\"https:\/\/ondenta.com\/#\/schema\/logo\/image\/\"}}]}<\/script>\n<!-- \/ Yoast SEO plugin. -->","yoast_head_json":{"title":"Cookie Policy - Digital marketing agency | Ondenta Limited","robots":{"index":"index","follow":"follow","max-snippet":"max-snippet:-1","max-image-preview":"max-image-preview:large","max-video-preview":"max-video-preview:-1"},"canonical":"https:\/\/ondenta.com\/de\/cookie-policy\/","og_locale":"de_DE","og_type":"article","og_title":"Cookie Policy - Digital marketing agency | Ondenta Limited","og_description":"Cookie Policy 1. WHAT ARE COOKIES, AND WHY DO WE USE THEM? 1.1 Cookies are small files that a site or its service provider transfers to your computer\u2019s hard drive through your Web browser (if you allow) that enables the site\u2019s or service provider\u2019s systems to recognise your browser and capture and remember certain information. [&hellip;]","og_url":"https:\/\/ondenta.com\/de\/cookie-policy\/","og_site_name":"Digital marketing agency | Ondenta Limited","article_modified_time":"2024-07-23T11:00:45+00:00","twitter_card":"summary_large_image","twitter_misc":{"Gesch\u00e4tzte Lesezeit":"3\u00a0Minuten"},"schema":{"@context":"https:\/\/schema.org","@graph":[{"@type":"WebPage","@id":"https:\/\/ondenta.com\/cookie-policy\/","url":"https:\/\/ondenta.com\/cookie-policy\/","name":"Cookie Policy - Digital marketing agency | Ondenta Limited","isPartOf":{"@id":"https:\/\/ondenta.com\/#website"},"datePublished":"2022-10-05T20:16:44+00:00","dateModified":"2024-07-23T11:00:45+00:00","breadcrumb":{"@id":"https:\/\/ondenta.com\/cookie-policy\/#breadcrumb"},"inLanguage":"de","potentialAction":[{"@type":"ReadAction","target":["https:\/\/ondenta.com\/cookie-policy\/"]}]},{"@type":"BreadcrumbList","@id":"https:\/\/ondenta.com\/cookie-policy\/#breadcrumb","itemListElement":[{"@type":"ListItem","position":1,"name":"Home","item":"https:\/\/ondenta.com\/"},{"@type":"ListItem","position":2,"name":"Cookie Policy"}]},{"@type":"WebSite","@id":"https:\/\/ondenta.com\/#website","url":"https:\/\/ondenta.com\/","name":"Digital marketing agency | Ondenta Limited","description":" Looking for a progressive and result-oriented team of digital marketing experts? This is us \u2014 Ondenta Limited! Contact our crew to find out how exactly we can help your business.","publisher":{"@id":"https:\/\/ondenta.com\/#organization"},"potentialAction":[{"@type":"SearchAction","target":{"@type":"EntryPoint","urlTemplate":"https:\/\/ondenta.com\/?s={search_term_string}"},"query-input":"required name=search_term_string"}],"inLanguage":"de"},{"@type":"Organization","@id":"https:\/\/ondenta.com\/#organization","name":"Digital marketing agency | Ondenta Limited","url":"https:\/\/ondenta.com\/","logo":{"@type":"ImageObject","inLanguage":"de","@id":"https:\/\/ondenta.com\/#\/schema\/logo\/image\/","url":"https:\/\/ondenta.com\/wp-content\/uploads\/2022\/09\/logo.svg","contentUrl":"https:\/\/ondenta.com\/wp-content\/uploads\/2022\/09\/logo.svg","width":160,"height":54,"caption":"Digital marketing agency | Ondenta Limited "},"image":{"@id":"https:\/\/ondenta.com\/#\/schema\/logo\/image\/"}}]}},"_links":{"self":[{"href":"https:\/\/ondenta.com\/de\/wp-json\/wp\/v2\/pages\/3638"}],"collection":[{"href":"https:\/\/ondenta.com\/de\/wp-json\/wp\/v2\/pages"}],"about":[{"href":"https:\/\/ondenta.com\/de\/wp-json\/wp\/v2\/types\/page"}],"author":[{"embeddable":true,"href":"https:\/\/ondenta.com\/de\/wp-json\/wp\/v2\/users\/1"}],"replies":[{"embeddable":true,"href":"https:\/\/ondenta.com\/de\/wp-json\/wp\/v2\/comments?post=3638"}],"version-history":[{"count":6,"href":"https:\/\/ondenta.com\/de\/wp-json\/wp\/v2\/pages\/3638\/revisions"}],"predecessor-version":[{"id":4837,"href":"https:\/\/ondenta.com\/de\/wp-json\/wp\/v2\/pages\/3638\/revisions\/4837"}],"wp:attachment":[{"href":"https:\/\/ondenta.com\/de\/wp-json\/wp\/v2\/media?parent=3638"}],"curies":[{"name":"wp","href":"https:\/\/api.w.org\/{rel}","templated":true}]}}